{"id":1013,"date":"2017-01-16T09:35:47","date_gmt":"2017-01-16T09:35:47","guid":{"rendered":"https:\/\/mecaman.lu\/carrieres\/"},"modified":"2017-02-17T13:06:23","modified_gmt":"2017-02-17T13:06:23","slug":"jobs","status":"publish","type":"page","link":"https:\/\/mecaman.lu\/de\/jobs\/","title":{"rendered":"Jobs"},"content":{"rendered":"<p>[vc_row][vc_column][vc_column_text]<\/p>\n<h1>Nos offres d&#8217;emploi<\/h1>\n<p>[\/vc_column_text][\/vc_column][\/vc_row][vc_row][vc_column][vc_separator][vc_column_text]Nous vous invitons \u00e0 consulter ci-contre les profils que nous recherchons ainsi que nos offres d\u2019emploi actuellement diffus\u00e9es, puis \u00e0 nous transmettre une candidature compl\u00e8te (CV \u00e0 jour sous format Word et lettre de motivation) \u00e0 l\u2019adresse suivante :<\/p>\n<h2><a href=\"mailto:contact@mecaman.lu\">contact@mecaman.lu<\/a><\/h2>\n<p>en nous pr\u00e9cisant le type de poste que vous recherchez, votre date de disponibilit\u00e9, votre mobilit\u00e9 et, le cas \u00e9ch\u00e9ant, la r\u00e9f\u00e9rence de l\u2019annonce \u00e0 laquelle vous r\u00e9pondez. Si votre parcours peut correspondre \u00e0 nos besoins pr\u00e9sents ou \u00e0 venir, nous reprendrons contact avec vous sous le d\u00e9lai d\u2019un mois. Au del\u00e0, vous voudrez bien consid\u00e9rer que nous ne pouvons donner suite \u00e0 votre candidature.<\/p>\n<p>Dans tous les cas, nous vous remercions de l\u2019int\u00e9r\u00eat que vous avez t\u00e9moign\u00e9 pour notre groupe et de la confiance que vous nous avez accord\u00e9e en nous transmettant votre dossier professionnel.[\/vc_column_text][\/vc_column][\/vc_row]<\/p>\n<p>&nbsp;<\/p>\n<h1 style=\"text-align: center;\"><strong>Autres questions?<br \/>\n<\/strong><\/h1>\n\n<div class=\"wpcf7 no-js\" id=\"wpcf7-f452-o1\" lang=\"en-US\" dir=\"ltr\" data-wpcf7-id=\"452\">\n<div class=\"screen-reader-response\"><p role=\"status\" aria-live=\"polite\" aria-atomic=\"true\"><\/p> <ul><\/ul><\/div>\n<form action=\"\/de\/wp-json\/wp\/v2\/pages\/1013#wpcf7-f452-o1\" method=\"post\" class=\"wpcf7-form init\" aria-label=\"Contact form\" novalidate=\"novalidate\" data-status=\"init\">\n<fieldset class=\"hidden-fields-container\"><input type=\"hidden\" name=\"_wpcf7\" value=\"452\" \/><input type=\"hidden\" name=\"_wpcf7_version\" value=\"6.1.1\" \/><input type=\"hidden\" name=\"_wpcf7_locale\" value=\"en_US\" \/><input type=\"hidden\" name=\"_wpcf7_unit_tag\" value=\"wpcf7-f452-o1\" \/><input type=\"hidden\" name=\"_wpcf7_container_post\" value=\"0\" \/><input type=\"hidden\" name=\"_wpcf7_posted_data_hash\" value=\"\" \/><input type=\"hidden\" name=\"_wpcf7_recaptcha_response\" value=\"\" \/>\n<\/fieldset>\n<div class=\"col-sm-5 noleftpadding\">\n\t<p><span class=\"wpcf7-form-control-wrap\" data-name=\"your-name\"><input size=\"40\" maxlength=\"400\" class=\"wpcf7-form-control wpcf7-text wpcf7-validates-as-required\" aria-required=\"true\" aria-invalid=\"false\" placeholder=\"Name*\" value=\"\" type=\"text\" name=\"your-name\" \/><\/span>\n\t<\/p>\n\t<p><span class=\"wpcf7-form-control-wrap\" data-name=\"your-subject\"><input size=\"40\" maxlength=\"400\" class=\"wpcf7-form-control wpcf7-text\" aria-invalid=\"false\" placeholder=\"Subject*\" value=\"\" type=\"text\" name=\"your-subject\" \/><\/span>\n\t<\/p>\n\t<p><span class=\"wpcf7-form-control-wrap\" data-name=\"your-email\"><input size=\"40\" maxlength=\"400\" class=\"wpcf7-form-control wpcf7-email wpcf7-validates-as-required wpcf7-text wpcf7-validates-as-email\" aria-required=\"true\" aria-invalid=\"false\" placeholder=\"Email*\" value=\"\" type=\"email\" name=\"your-email\" \/><\/span>\n\t<\/p>\n<\/div>\n<div class=\"col-sm-7 norightpadding\">\n\t<p><span class=\"wpcf7-form-control-wrap\" data-name=\"your-message\"><textarea cols=\"25\" rows=\"3\" maxlength=\"2000\" class=\"wpcf7-form-control wpcf7-textarea\" aria-invalid=\"false\" placeholder=\"Message*\" name=\"your-message\"><\/textarea><\/span>\n\t<\/p>\n\t<p>\n\t\n\t<\/p>\n\t<p><input class=\"wpcf7-form-control wpcf7-submit has-spinner\" type=\"submit\" value=\"SEND MESSAGE\" \/>\n\t<\/p>\n<\/div><div class=\"wpcf7-response-output\" aria-hidden=\"true\"><\/div>\n<\/form>\n<\/div>\n\n","protected":false},"excerpt":{"rendered":"<p>[vc_row][vc_column][vc_column_text] Nos offres d&#8217;emploi [\/vc_column_text][\/vc_column][\/vc_row][vc_row][vc_column][vc_separator][vc_column_text]Nous vous invitons \u00e0 consulter ci-contre les profils que nous recherchons ainsi que nos offres d\u2019emploi actuellement diffus\u00e9es, puis \u00e0 nous transmettre une candidature compl\u00e8te (CV \u00e0 jour sous format Word et lettre de motivation) \u00e0&#8230;<\/p>\n","protected":false},"author":1,"featured_media":0,"parent":0,"menu_order":0,"comment_status":"closed","ping_status":"closed","template":"","meta":{"footnotes":""},"class_list":["post-1013","page","type-page","status-publish","hentry"],"yoast_head":"<!-- This site is optimized with the Yoast SEO plugin v25.8 - https:\/\/yoast.com\/wordpress\/plugins\/seo\/ -->\n<title>Jobs - MECAMAN SA<\/title>\n<meta name=\"robots\" content=\"index, follow, max-snippet:-1, max-image-preview:large, max-video-preview:-1\" \/>\n<link rel=\"canonical\" href=\"https:\/\/mecaman.lu\/de\/jobs\/\" \/>\n<meta property=\"og:locale\" content=\"de_DE\" \/>\n<meta property=\"og:type\" content=\"article\" \/>\n<meta property=\"og:title\" content=\"Jobs - MECAMAN SA\" \/>\n<meta property=\"og:description\" content=\"[vc_row][vc_column][vc_column_text] Nos offres d&#8217;emploi [\/vc_column_text][\/vc_column][\/vc_row][vc_row][vc_column][vc_separator][vc_column_text]Nous vous invitons \u00e0 consulter ci-contre les profils que nous recherchons ainsi que nos offres d\u2019emploi actuellement diffus\u00e9es, puis \u00e0 nous transmettre une candidature compl\u00e8te (CV \u00e0 jour sous format Word et lettre de motivation) \u00e0...\" \/>\n<meta property=\"og:url\" content=\"https:\/\/mecaman.lu\/de\/jobs\/\" \/>\n<meta property=\"og:site_name\" content=\"MECAMAN SA\" \/>\n<meta property=\"article:modified_time\" content=\"2017-02-17T13:06:23+00:00\" \/>\n<meta name=\"twitter:card\" content=\"summary_large_image\" \/>\n<meta name=\"twitter:label1\" content=\"Gesch\u00e4tzte Lesezeit\" \/>\n\t<meta name=\"twitter:data1\" content=\"1\u00a0Minute\" \/>\n<script type=\"application\/ld+json\" class=\"yoast-schema-graph\">{\"@context\":\"https:\/\/schema.org\",\"@graph\":[{\"@type\":\"WebPage\",\"@id\":\"https:\/\/mecaman.lu\/de\/jobs\/\",\"url\":\"https:\/\/mecaman.lu\/de\/jobs\/\",\"name\":\"Jobs - MECAMAN SA\",\"isPartOf\":{\"@id\":\"https:\/\/mecaman.lu\/#website\"},\"datePublished\":\"2017-01-16T09:35:47+00:00\",\"dateModified\":\"2017-02-17T13:06:23+00:00\",\"breadcrumb\":{\"@id\":\"https:\/\/mecaman.lu\/de\/jobs\/#breadcrumb\"},\"inLanguage\":\"de\",\"potentialAction\":[{\"@type\":\"ReadAction\",\"target\":[\"https:\/\/mecaman.lu\/de\/jobs\/\"]}]},{\"@type\":\"BreadcrumbList\",\"@id\":\"https:\/\/mecaman.lu\/de\/jobs\/#breadcrumb\",\"itemListElement\":[{\"@type\":\"ListItem\",\"position\":1,\"name\":\"Home\",\"item\":\"https:\/\/mecaman.lu\/de\/\"},{\"@type\":\"ListItem\",\"position\":2,\"name\":\"Jobs\"}]},{\"@type\":\"WebSite\",\"@id\":\"https:\/\/mecaman.lu\/#website\",\"url\":\"https:\/\/mecaman.lu\/\",\"name\":\"MECAMAN SA\",\"description\":\"Construire l&#039;avenir avec nos clients\",\"potentialAction\":[{\"@type\":\"SearchAction\",\"target\":{\"@type\":\"EntryPoint\",\"urlTemplate\":\"https:\/\/mecaman.lu\/?s={search_term_string}\"},\"query-input\":{\"@type\":\"PropertyValueSpecification\",\"valueRequired\":true,\"valueName\":\"search_term_string\"}}],\"inLanguage\":\"de\"}]}<\/script>\n<!-- \/ Yoast SEO plugin. -->","yoast_head_json":{"title":"Jobs - MECAMAN SA","robots":{"index":"index","follow":"follow","max-snippet":"max-snippet:-1","max-image-preview":"max-image-preview:large","max-video-preview":"max-video-preview:-1"},"canonical":"https:\/\/mecaman.lu\/de\/jobs\/","og_locale":"de_DE","og_type":"article","og_title":"Jobs - MECAMAN SA","og_description":"[vc_row][vc_column][vc_column_text] Nos offres d&#8217;emploi [\/vc_column_text][\/vc_column][\/vc_row][vc_row][vc_column][vc_separator][vc_column_text]Nous vous invitons \u00e0 consulter ci-contre les profils que nous recherchons ainsi que nos offres d\u2019emploi actuellement diffus\u00e9es, puis \u00e0 nous transmettre une candidature compl\u00e8te (CV \u00e0 jour sous format Word et lettre de motivation) \u00e0...","og_url":"https:\/\/mecaman.lu\/de\/jobs\/","og_site_name":"MECAMAN SA","article_modified_time":"2017-02-17T13:06:23+00:00","twitter_card":"summary_large_image","twitter_misc":{"Gesch\u00e4tzte Lesezeit":"1\u00a0Minute"},"schema":{"@context":"https:\/\/schema.org","@graph":[{"@type":"WebPage","@id":"https:\/\/mecaman.lu\/de\/jobs\/","url":"https:\/\/mecaman.lu\/de\/jobs\/","name":"Jobs - MECAMAN SA","isPartOf":{"@id":"https:\/\/mecaman.lu\/#website"},"datePublished":"2017-01-16T09:35:47+00:00","dateModified":"2017-02-17T13:06:23+00:00","breadcrumb":{"@id":"https:\/\/mecaman.lu\/de\/jobs\/#breadcrumb"},"inLanguage":"de","potentialAction":[{"@type":"ReadAction","target":["https:\/\/mecaman.lu\/de\/jobs\/"]}]},{"@type":"BreadcrumbList","@id":"https:\/\/mecaman.lu\/de\/jobs\/#breadcrumb","itemListElement":[{"@type":"ListItem","position":1,"name":"Home","item":"https:\/\/mecaman.lu\/de\/"},{"@type":"ListItem","position":2,"name":"Jobs"}]},{"@type":"WebSite","@id":"https:\/\/mecaman.lu\/#website","url":"https:\/\/mecaman.lu\/","name":"MECAMAN SA","description":"Construire l&#039;avenir avec nos clients","potentialAction":[{"@type":"SearchAction","target":{"@type":"EntryPoint","urlTemplate":"https:\/\/mecaman.lu\/?s={search_term_string}"},"query-input":{"@type":"PropertyValueSpecification","valueRequired":true,"valueName":"search_term_string"}}],"inLanguage":"de"}]}},"_links":{"self":[{"href":"https:\/\/mecaman.lu\/de\/wp-json\/wp\/v2\/pages\/1013","targetHints":{"allow":["GET"]}}],"collection":[{"href":"https:\/\/mecaman.lu\/de\/wp-json\/wp\/v2\/pages"}],"about":[{"href":"https:\/\/mecaman.lu\/de\/wp-json\/wp\/v2\/types\/page"}],"author":[{"embeddable":true,"href":"https:\/\/mecaman.lu\/de\/wp-json\/wp\/v2\/users\/1"}],"replies":[{"embeddable":true,"href":"https:\/\/mecaman.lu\/de\/wp-json\/wp\/v2\/comments?post=1013"}],"version-history":[{"count":1,"href":"https:\/\/mecaman.lu\/de\/wp-json\/wp\/v2\/pages\/1013\/revisions"}],"predecessor-version":[{"id":1146,"href":"https:\/\/mecaman.lu\/de\/wp-json\/wp\/v2\/pages\/1013\/revisions\/1146"}],"wp:attachment":[{"href":"https:\/\/mecaman.lu\/de\/wp-json\/wp\/v2\/media?parent=1013"}],"curies":[{"name":"wp","href":"https:\/\/api.w.org\/{rel}","templated":true}]}}