{"id":877,"date":"2014-11-11T11:09:47","date_gmt":"2014-11-11T11:09:47","guid":{"rendered":"https:\/\/mecaman.lu\/home\/"},"modified":"2017-02-17T13:40:00","modified_gmt":"2017-02-17T13:40:00","slug":"home","status":"publish","type":"page","link":"https:\/\/mecaman.lu\/de\/","title":{"rendered":"Home"},"content":{"rendered":"<p>[vc_row full_width=&#8220;stretch_row&#8220; css=&#8220;.vc_custom_1436254555865{margin-top: 0px !important;}&#8220; has_content=&#8220;true&#8220;][vc_column][rev_slider_vc alias=&#8220;main-slider-3&#8243;][\/vc_column][\/vc_row][vc_row][vc_column][vc_column_text]<\/p>\n<p>&nbsp;<\/p>\n<p>[\/vc_column_text][\/vc_column][\/vc_row][vc_row][vc_column width=&#8220;1\/4&#8243;][vc_empty_space][vc_single_image image=&#8220;866&#8243;][\/vc_column][vc_column width=&#8220;3\/4&#8243;][vc_column_text]<\/p>\n<h1 class=\"p1\">Wort des Delegierten der Gesch\u00e4ftsleitung<\/h1>\n<p class=\"p1\">Seit seiner Gr\u00fcndung im Jahr 1978 stellt MECAMAN seinen Industriepartnern, seine Reaktionsf\u00e4higkeit und Zuverl\u00e4ssigkeit zur Verf\u00fcgung. Urspr\u00fcnglich spezialisiert auf den Bereich der F\u00f6rderausstattung hat es kontinuierlich sein Einsatzfeld auf die meisten Bereiche der Mechanik erweitert.<\/p>\n<p>Dank wichtigem Feedback, k\u00f6nnen wir Ihre Erwartungen hinsichtlich maschineller Verarbeitungsleistung, Ausstattung, Design, Montage von geschwei\u00dften Baugruppen und mechanische Reparatur erf\u00fcllen<\/p>\n<p>In Folge der Umsetzung eines wichtigen Investitionsplans in den letzten Jahren, wie dem Erwerb neuer Produktionsanlagen und der St\u00e4rkung unserer Betreuung, wird unser Unternehmen Ihr bevorzugter Partner f\u00fcr die Durchf\u00fchrung Ihrer Projekte sein.<\/p>\n<p>MECAMAN engagiert sich mit Ihnen sein gesamtes Fachwissen zu teilen um gemeinsam zu arbeiten.<\/p>\n<h2 class=\"txt\">Alfred GRUSZKA, Administrateur d\u00e9l\u00e9gu\u00e9<\/h2>\n<p>[\/vc_column_text][\/vc_column][\/vc_row]<\/p>\n","protected":false},"excerpt":{"rendered":"<p>[vc_row full_width=&#8220;stretch_row&#8220; css=&#8220;.vc_custom_1436254555865{margin-top: 0px !important;}&#8220; has_content=&#8220;true&#8220;][vc_column][rev_slider_vc alias=&#8220;main-slider-3&#8243;][\/vc_column][\/vc_row][vc_row][vc_column][vc_column_text] &nbsp; [\/vc_column_text][\/vc_column][\/vc_row][vc_row][vc_column width=&#8220;1\/4&#8243;][vc_empty_space][vc_single_image image=&#8220;866&#8243;][\/vc_column][vc_column width=&#8220;3\/4&#8243;][vc_column_text] Wort des Delegierten der Gesch\u00e4ftsleitung Seit seiner Gr\u00fcndung im Jahr 1978 stellt MECAMAN seinen Industriepartnern, seine Reaktionsf\u00e4higkeit und Zuverl\u00e4ssigkeit zur Verf\u00fcgung. Urspr\u00fcnglich spezialisiert auf den Bereich der F\u00f6rderausstattung&#8230;<\/p>\n","protected":false},"author":1,"featured_media":0,"parent":0,"menu_order":0,"comment_status":"open","ping_status":"closed","template":"","meta":{"footnotes":""},"class_list":["post-877","page","type-page","status-publish","hentry"],"yoast_head":"<!-- This site is optimized with the Yoast SEO plugin v25.8 - https:\/\/yoast.com\/wordpress\/plugins\/seo\/ -->\n<title>Home - MECAMAN SA<\/title>\n<meta name=\"robots\" content=\"index, follow, max-snippet:-1, max-image-preview:large, max-video-preview:-1\" \/>\n<link rel=\"canonical\" href=\"https:\/\/mecaman.lu\/de\/\" \/>\n<meta property=\"og:locale\" content=\"de_DE\" \/>\n<meta property=\"og:type\" content=\"article\" \/>\n<meta property=\"og:title\" content=\"Home - MECAMAN SA\" \/>\n<meta property=\"og:description\" content=\"[vc_row full_width=&#8220;stretch_row&#8220; css=&#8220;.vc_custom_1436254555865{margin-top: 0px !important;}&#8220; has_content=&#8220;true&#8220;][vc_column][rev_slider_vc alias=&#8220;main-slider-3&#8243;][\/vc_column][\/vc_row][vc_row][vc_column][vc_column_text] &nbsp; [\/vc_column_text][\/vc_column][\/vc_row][vc_row][vc_column width=&#8220;1\/4&#8243;][vc_empty_space][vc_single_image image=&#8220;866&#8243;][\/vc_column][vc_column width=&#8220;3\/4&#8243;][vc_column_text] Wort des Delegierten der Gesch\u00e4ftsleitung Seit seiner Gr\u00fcndung im Jahr 1978 stellt MECAMAN seinen Industriepartnern, seine Reaktionsf\u00e4higkeit und Zuverl\u00e4ssigkeit zur Verf\u00fcgung. Urspr\u00fcnglich spezialisiert auf den Bereich der F\u00f6rderausstattung...\" \/>\n<meta property=\"og:url\" content=\"https:\/\/mecaman.lu\/de\/\" \/>\n<meta property=\"og:site_name\" content=\"MECAMAN SA\" \/>\n<meta property=\"article:modified_time\" content=\"2017-02-17T13:40:00+00:00\" \/>\n<meta name=\"twitter:card\" content=\"summary_large_image\" \/>\n<meta name=\"twitter:label1\" content=\"Gesch\u00e4tzte Lesezeit\" \/>\n\t<meta name=\"twitter:data1\" content=\"1\u00a0Minute\" \/>\n<script type=\"application\/ld+json\" class=\"yoast-schema-graph\">{\"@context\":\"https:\/\/schema.org\",\"@graph\":[{\"@type\":\"WebPage\",\"@id\":\"https:\/\/mecaman.lu\/de\/\",\"url\":\"https:\/\/mecaman.lu\/de\/\",\"name\":\"Home - MECAMAN SA\",\"isPartOf\":{\"@id\":\"https:\/\/mecaman.lu\/#website\"},\"datePublished\":\"2014-11-11T11:09:47+00:00\",\"dateModified\":\"2017-02-17T13:40:00+00:00\",\"breadcrumb\":{\"@id\":\"https:\/\/mecaman.lu\/de\/#breadcrumb\"},\"inLanguage\":\"de\",\"potentialAction\":[{\"@type\":\"ReadAction\",\"target\":[\"https:\/\/mecaman.lu\/de\/\"]}]},{\"@type\":\"BreadcrumbList\",\"@id\":\"https:\/\/mecaman.lu\/de\/#breadcrumb\",\"itemListElement\":[{\"@type\":\"ListItem\",\"position\":1,\"name\":\"Home\",\"item\":\"https:\/\/mecaman.lu\/de\/\"},{\"@type\":\"ListItem\",\"position\":2,\"name\":\"Home\"}]},{\"@type\":\"WebSite\",\"@id\":\"https:\/\/mecaman.lu\/#website\",\"url\":\"https:\/\/mecaman.lu\/\",\"name\":\"MECAMAN SA\",\"description\":\"Construire l&#039;avenir avec nos clients\",\"potentialAction\":[{\"@type\":\"SearchAction\",\"target\":{\"@type\":\"EntryPoint\",\"urlTemplate\":\"https:\/\/mecaman.lu\/?s={search_term_string}\"},\"query-input\":{\"@type\":\"PropertyValueSpecification\",\"valueRequired\":true,\"valueName\":\"search_term_string\"}}],\"inLanguage\":\"de\"}]}<\/script>\n<!-- \/ Yoast SEO plugin. -->","yoast_head_json":{"title":"Home - MECAMAN SA","robots":{"index":"index","follow":"follow","max-snippet":"max-snippet:-1","max-image-preview":"max-image-preview:large","max-video-preview":"max-video-preview:-1"},"canonical":"https:\/\/mecaman.lu\/de\/","og_locale":"de_DE","og_type":"article","og_title":"Home - MECAMAN SA","og_description":"[vc_row full_width=&#8220;stretch_row&#8220; css=&#8220;.vc_custom_1436254555865{margin-top: 0px !important;}&#8220; has_content=&#8220;true&#8220;][vc_column][rev_slider_vc alias=&#8220;main-slider-3&#8243;][\/vc_column][\/vc_row][vc_row][vc_column][vc_column_text] &nbsp; [\/vc_column_text][\/vc_column][\/vc_row][vc_row][vc_column width=&#8220;1\/4&#8243;][vc_empty_space][vc_single_image image=&#8220;866&#8243;][\/vc_column][vc_column width=&#8220;3\/4&#8243;][vc_column_text] Wort des Delegierten der Gesch\u00e4ftsleitung Seit seiner Gr\u00fcndung im Jahr 1978 stellt MECAMAN seinen Industriepartnern, seine Reaktionsf\u00e4higkeit und Zuverl\u00e4ssigkeit zur Verf\u00fcgung. Urspr\u00fcnglich spezialisiert auf den Bereich der F\u00f6rderausstattung...","og_url":"https:\/\/mecaman.lu\/de\/","og_site_name":"MECAMAN SA","article_modified_time":"2017-02-17T13:40:00+00:00","twitter_card":"summary_large_image","twitter_misc":{"Gesch\u00e4tzte Lesezeit":"1\u00a0Minute"},"schema":{"@context":"https:\/\/schema.org","@graph":[{"@type":"WebPage","@id":"https:\/\/mecaman.lu\/de\/","url":"https:\/\/mecaman.lu\/de\/","name":"Home - MECAMAN SA","isPartOf":{"@id":"https:\/\/mecaman.lu\/#website"},"datePublished":"2014-11-11T11:09:47+00:00","dateModified":"2017-02-17T13:40:00+00:00","breadcrumb":{"@id":"https:\/\/mecaman.lu\/de\/#breadcrumb"},"inLanguage":"de","potentialAction":[{"@type":"ReadAction","target":["https:\/\/mecaman.lu\/de\/"]}]},{"@type":"BreadcrumbList","@id":"https:\/\/mecaman.lu\/de\/#breadcrumb","itemListElement":[{"@type":"ListItem","position":1,"name":"Home","item":"https:\/\/mecaman.lu\/de\/"},{"@type":"ListItem","position":2,"name":"Home"}]},{"@type":"WebSite","@id":"https:\/\/mecaman.lu\/#website","url":"https:\/\/mecaman.lu\/","name":"MECAMAN SA","description":"Construire l&#039;avenir avec nos clients","potentialAction":[{"@type":"SearchAction","target":{"@type":"EntryPoint","urlTemplate":"https:\/\/mecaman.lu\/?s={search_term_string}"},"query-input":{"@type":"PropertyValueSpecification","valueRequired":true,"valueName":"search_term_string"}}],"inLanguage":"de"}]}},"_links":{"self":[{"href":"https:\/\/mecaman.lu\/de\/wp-json\/wp\/v2\/pages\/877","targetHints":{"allow":["GET"]}}],"collection":[{"href":"https:\/\/mecaman.lu\/de\/wp-json\/wp\/v2\/pages"}],"about":[{"href":"https:\/\/mecaman.lu\/de\/wp-json\/wp\/v2\/types\/page"}],"author":[{"embeddable":true,"href":"https:\/\/mecaman.lu\/de\/wp-json\/wp\/v2\/users\/1"}],"replies":[{"embeddable":true,"href":"https:\/\/mecaman.lu\/de\/wp-json\/wp\/v2\/comments?post=877"}],"version-history":[{"count":6,"href":"https:\/\/mecaman.lu\/de\/wp-json\/wp\/v2\/pages\/877\/revisions"}],"predecessor-version":[{"id":1170,"href":"https:\/\/mecaman.lu\/de\/wp-json\/wp\/v2\/pages\/877\/revisions\/1170"}],"wp:attachment":[{"href":"https:\/\/mecaman.lu\/de\/wp-json\/wp\/v2\/media?parent=877"}],"curies":[{"name":"wp","href":"https:\/\/api.w.org\/{rel}","templated":true}]}}