{"id":5,"date":"2014-11-11T11:09:47","date_gmt":"2014-11-11T11:09:47","guid":{"rendered":"http:\/\/anpsthemes.com\/constructo\/?page_id=5"},"modified":"2017-02-17T13:34:19","modified_gmt":"2017-02-17T13:34:19","slug":"home","status":"publish","type":"page","link":"https:\/\/mecaman.lu\/en\/","title":{"rendered":"Home"},"content":{"rendered":"<p>[vc_row full_width=&#8221;stretch_row&#8221; css=&#8221;.vc_custom_1436254555865{margin-top: 0px !important;}&#8221; has_content=&#8221;true&#8221;][vc_column][rev_slider_vc alias=&#8221;main-slider-3&#8243;][\/vc_column][\/vc_row][vc_row][vc_column][vc_column_text]<\/p>\n<p>&nbsp;<\/p>\n<p>[\/vc_column_text][\/vc_column][\/vc_row][vc_row][vc_column width=&#8221;1\/4&#8243;][vc_empty_space][vc_single_image image=&#8221;866&#8243;][\/vc_column][vc_column width=&#8221;3\/4&#8243;][vc_column_text]<\/p>\n<h1 class=\"p1\">MANAGER&#8217;S VIEW<\/h1>\n<p class=\"p1\">Since its creation in 1978, MECAMAN provides to his industrial partners his responsiveness and reliability. Originally created with a strong specialization in the field of machine maintenance, it has gradually expanded its intervention in most areas of mechanics.<\/p>\n<p>With an important feedback from past experiences, MECAMAN can achieve your expectations related to manufacturing mechanical parts, equipment, design, assembly of welded assemblies and mechanical repairs.<\/p>\n<p>Due to an important investing plan carried out during last years, with the goal of improving the machinery, methods of production and strengthening our leadership, MECAMAN is prepared to be your leader partner in order to deal with your projects.<\/p>\n<p>MECAMAN is engaged to share with you all of it&#8217;s know-how for building together.<\/p>\n<h1 class=\"txt\">Alfred GRUSZKA, Administrateur d\u00e9l\u00e9gu\u00e9<\/h1>\n<p>[\/vc_column_text][\/vc_column][\/vc_row]<\/p>\n","protected":false},"excerpt":{"rendered":"<p>[vc_row full_width=&#8221;stretch_row&#8221; css=&#8221;.vc_custom_1436254555865{margin-top: 0px !important;}&#8221; has_content=&#8221;true&#8221;][vc_column][rev_slider_vc alias=&#8221;main-slider-3&#8243;][\/vc_column][\/vc_row][vc_row][vc_column][vc_column_text] &nbsp; [\/vc_column_text][\/vc_column][\/vc_row][vc_row][vc_column width=&#8221;1\/4&#8243;][vc_empty_space][vc_single_image image=&#8221;866&#8243;][\/vc_column][vc_column width=&#8221;3\/4&#8243;][vc_column_text] MANAGER&#8217;S VIEW Since its creation in 1978, MECAMAN provides to his industrial partners his responsiveness and reliability. Originally created with a strong specialization in the field of machine&#8230;<\/p>\n","protected":false},"author":1,"featured_media":0,"parent":0,"menu_order":0,"comment_status":"open","ping_status":"closed","template":"","meta":{"footnotes":""},"class_list":["post-5","page","type-page","status-publish","hentry"],"yoast_head":"<!-- This site is optimized with the Yoast SEO plugin v25.8 - https:\/\/yoast.com\/wordpress\/plugins\/seo\/ -->\n<title>Home - MECAMAN SA<\/title>\n<meta name=\"robots\" content=\"index, follow, max-snippet:-1, max-image-preview:large, max-video-preview:-1\" \/>\n<link rel=\"canonical\" href=\"https:\/\/mecaman.lu\/en\/\" \/>\n<meta property=\"og:locale\" content=\"en_US\" \/>\n<meta property=\"og:type\" content=\"article\" \/>\n<meta property=\"og:title\" content=\"Home - MECAMAN SA\" \/>\n<meta property=\"og:description\" content=\"[vc_row full_width=&#8221;stretch_row&#8221; css=&#8221;.vc_custom_1436254555865{margin-top: 0px !important;}&#8221; has_content=&#8221;true&#8221;][vc_column][rev_slider_vc alias=&#8221;main-slider-3&#8243;][\/vc_column][\/vc_row][vc_row][vc_column][vc_column_text] &nbsp; [\/vc_column_text][\/vc_column][\/vc_row][vc_row][vc_column width=&#8221;1\/4&#8243;][vc_empty_space][vc_single_image image=&#8221;866&#8243;][\/vc_column][vc_column width=&#8221;3\/4&#8243;][vc_column_text] MANAGER&#8217;S VIEW Since its creation in 1978, MECAMAN provides to his industrial partners his responsiveness and reliability. Originally created with a strong specialization in the field of machine...\" \/>\n<meta property=\"og:url\" content=\"https:\/\/mecaman.lu\/en\/\" \/>\n<meta property=\"og:site_name\" content=\"MECAMAN SA\" \/>\n<meta property=\"article:modified_time\" content=\"2017-02-17T13:34:19+00:00\" \/>\n<meta name=\"twitter:card\" content=\"summary_large_image\" \/>\n<meta name=\"twitter:label1\" content=\"Est. reading time\" \/>\n\t<meta name=\"twitter:data1\" content=\"1 minute\" \/>\n<script type=\"application\/ld+json\" class=\"yoast-schema-graph\">{\"@context\":\"https:\/\/schema.org\",\"@graph\":[{\"@type\":\"WebPage\",\"@id\":\"https:\/\/mecaman.lu\/en\/\",\"url\":\"https:\/\/mecaman.lu\/en\/\",\"name\":\"Home - MECAMAN SA\",\"isPartOf\":{\"@id\":\"https:\/\/mecaman.lu\/#website\"},\"datePublished\":\"2014-11-11T11:09:47+00:00\",\"dateModified\":\"2017-02-17T13:34:19+00:00\",\"breadcrumb\":{\"@id\":\"https:\/\/mecaman.lu\/en\/#breadcrumb\"},\"inLanguage\":\"en-US\",\"potentialAction\":[{\"@type\":\"ReadAction\",\"target\":[\"https:\/\/mecaman.lu\/en\/\"]}]},{\"@type\":\"BreadcrumbList\",\"@id\":\"https:\/\/mecaman.lu\/en\/#breadcrumb\",\"itemListElement\":[{\"@type\":\"ListItem\",\"position\":1,\"name\":\"Home\",\"item\":\"https:\/\/mecaman.lu\/en\/\"},{\"@type\":\"ListItem\",\"position\":2,\"name\":\"Home\"}]},{\"@type\":\"WebSite\",\"@id\":\"https:\/\/mecaman.lu\/#website\",\"url\":\"https:\/\/mecaman.lu\/\",\"name\":\"MECAMAN SA\",\"description\":\"Construire l&#039;avenir avec nos clients\",\"potentialAction\":[{\"@type\":\"SearchAction\",\"target\":{\"@type\":\"EntryPoint\",\"urlTemplate\":\"https:\/\/mecaman.lu\/?s={search_term_string}\"},\"query-input\":{\"@type\":\"PropertyValueSpecification\",\"valueRequired\":true,\"valueName\":\"search_term_string\"}}],\"inLanguage\":\"en-US\"}]}<\/script>\n<!-- \/ Yoast SEO plugin. -->","yoast_head_json":{"title":"Home - MECAMAN SA","robots":{"index":"index","follow":"follow","max-snippet":"max-snippet:-1","max-image-preview":"max-image-preview:large","max-video-preview":"max-video-preview:-1"},"canonical":"https:\/\/mecaman.lu\/en\/","og_locale":"en_US","og_type":"article","og_title":"Home - MECAMAN SA","og_description":"[vc_row full_width=&#8221;stretch_row&#8221; css=&#8221;.vc_custom_1436254555865{margin-top: 0px !important;}&#8221; has_content=&#8221;true&#8221;][vc_column][rev_slider_vc alias=&#8221;main-slider-3&#8243;][\/vc_column][\/vc_row][vc_row][vc_column][vc_column_text] &nbsp; [\/vc_column_text][\/vc_column][\/vc_row][vc_row][vc_column width=&#8221;1\/4&#8243;][vc_empty_space][vc_single_image image=&#8221;866&#8243;][\/vc_column][vc_column width=&#8221;3\/4&#8243;][vc_column_text] MANAGER&#8217;S VIEW Since its creation in 1978, MECAMAN provides to his industrial partners his responsiveness and reliability. Originally created with a strong specialization in the field of machine...","og_url":"https:\/\/mecaman.lu\/en\/","og_site_name":"MECAMAN SA","article_modified_time":"2017-02-17T13:34:19+00:00","twitter_card":"summary_large_image","twitter_misc":{"Est. reading time":"1 minute"},"schema":{"@context":"https:\/\/schema.org","@graph":[{"@type":"WebPage","@id":"https:\/\/mecaman.lu\/en\/","url":"https:\/\/mecaman.lu\/en\/","name":"Home - MECAMAN SA","isPartOf":{"@id":"https:\/\/mecaman.lu\/#website"},"datePublished":"2014-11-11T11:09:47+00:00","dateModified":"2017-02-17T13:34:19+00:00","breadcrumb":{"@id":"https:\/\/mecaman.lu\/en\/#breadcrumb"},"inLanguage":"en-US","potentialAction":[{"@type":"ReadAction","target":["https:\/\/mecaman.lu\/en\/"]}]},{"@type":"BreadcrumbList","@id":"https:\/\/mecaman.lu\/en\/#breadcrumb","itemListElement":[{"@type":"ListItem","position":1,"name":"Home","item":"https:\/\/mecaman.lu\/en\/"},{"@type":"ListItem","position":2,"name":"Home"}]},{"@type":"WebSite","@id":"https:\/\/mecaman.lu\/#website","url":"https:\/\/mecaman.lu\/","name":"MECAMAN SA","description":"Construire l&#039;avenir avec nos clients","potentialAction":[{"@type":"SearchAction","target":{"@type":"EntryPoint","urlTemplate":"https:\/\/mecaman.lu\/?s={search_term_string}"},"query-input":{"@type":"PropertyValueSpecification","valueRequired":true,"valueName":"search_term_string"}}],"inLanguage":"en-US"}]}},"_links":{"self":[{"href":"https:\/\/mecaman.lu\/en\/wp-json\/wp\/v2\/pages\/5","targetHints":{"allow":["GET"]}}],"collection":[{"href":"https:\/\/mecaman.lu\/en\/wp-json\/wp\/v2\/pages"}],"about":[{"href":"https:\/\/mecaman.lu\/en\/wp-json\/wp\/v2\/types\/page"}],"author":[{"embeddable":true,"href":"https:\/\/mecaman.lu\/en\/wp-json\/wp\/v2\/users\/1"}],"replies":[{"embeddable":true,"href":"https:\/\/mecaman.lu\/en\/wp-json\/wp\/v2\/comments?post=5"}],"version-history":[{"count":18,"href":"https:\/\/mecaman.lu\/en\/wp-json\/wp\/v2\/pages\/5\/revisions"}],"predecessor-version":[{"id":1166,"href":"https:\/\/mecaman.lu\/en\/wp-json\/wp\/v2\/pages\/5\/revisions\/1166"}],"wp:attachment":[{"href":"https:\/\/mecaman.lu\/en\/wp-json\/wp\/v2\/media?parent=5"}],"curies":[{"name":"wp","href":"https:\/\/api.w.org\/{rel}","templated":true}]}}